{"id":40075,"date":"2025-06-03T13:15:28","date_gmt":"2025-06-03T11:15:28","guid":{"rendered":"https:\/\/www.jivahillstables.com\/newsletter\/"},"modified":"2026-02-25T15:23:46","modified_gmt":"2026-02-25T14:23:46","slug":"newsletter","status":"publish","type":"page","link":"https:\/\/www.jivahillstables.com\/en\/newsletter\/","title":{"rendered":"Newsletter"},"content":{"rendered":"\t\t<div data-elementor-type=\"wp-page\" data-elementor-id=\"40075\" class=\"elementor elementor-40075 elementor-39910\" data-elementor-post-type=\"page\">\n\t\t\t\t<div class=\"elementor-element elementor-element-245f2943 e-flex e-con-boxed e-con e-parent\" data-id=\"245f2943\" data-element_type=\"container\" data-e-type=\"container\" data-settings=\"{&quot;background_background&quot;:&quot;classic&quot;}\">\n\t\t\t\t\t<div class=\"e-con-inner\">\n\t\t\t\t<div class=\"elementor-element elementor-element-c4b8e02 elementor-widget elementor-widget-heading\" data-id=\"c4b8e02\" data-element_type=\"widget\" data-e-type=\"widget\" data-widget_type=\"heading.default\">\n\t\t\t\t<div class=\"elementor-widget-container\">\n\t\t\t\t\t<h1 class=\"elementor-heading-title elementor-size-default\">NEWSLETTER<\/h1>\t\t\t\t<\/div>\n\t\t\t\t<\/div>\n\t\t\t\t\t<\/div>\n\t\t\t\t<\/div>\n\t\t<div class=\"elementor-element elementor-element-4b05171 e-flex e-con-boxed e-con e-parent\" data-id=\"4b05171\" data-element_type=\"container\" data-e-type=\"container\">\n\t\t\t\t\t<div class=\"e-con-inner\">\n\t\t\t\t<div class=\"elementor-element elementor-element-795fe40 elementor-widget elementor-widget-html\" data-id=\"795fe40\" data-element_type=\"widget\" data-e-type=\"widget\" data-widget_type=\"html.default\">\n\t\t\t\t<div class=\"elementor-widget-container\">\n\t\t\t\t\t<!-- LANGUAGE SELECTOR -->\n<select id=\"lang-select\" style=\"margin-bottom: 20px;\">\n  <option value=\"fr\">Fran\u00e7ais<\/option>\n<option value=\"en\">English<\/option>\n<\/select>\n\n<!-- COMMON FORM STYLES -->\n<style>\n  .form-wrapper {\n    max-width: 1140px;\n    margin: 0 auto 40px;\n    padding: 20px;\n    box-sizing: border-box;\n    font-family: Arial, sans-serif;\n  }\n\n  form {\n    width: 100%;\n  }\n\n  label {\n    display: block;\n    margin-top: 15px;\n    font-weight: bold;\n  }\n\n  input[type=\"text\"],\n  input[type=\"email\"] {\n    width: 100%;\n    padding: 10px;\n    margin-top: 5px;\n    box-sizing: border-box;\n  }\n\n  fieldset {\n    border: none;\n    padding: 0;\n    margin-top: 20px;\n  }\n\n  legend {\n    font-weight: bold;\n    margin-bottom: 10px;\n  }\n\n  input[type=\"checkbox\"] {\n    margin-right: 10px;\n  }\n\n  input[type=\"submit\"] {\n    margin-top: 20px;\n    padding: 10px 20px;\n    background: #000;\n    color: #fff;\n    border: none;\n    cursor: pointer;\n  }\n\n  .asterisk {\n    color: red;\n    margin-left: 4px;\n  }\n<\/style>\n\n<!-- FRENCH FORM -->\n<div id=\"form-fr\" class=\"form-wrapper\">\n  <form action=\"https:\/\/jivahillstables.us9.list-manage.com\/subscribe\/post?u=4536b1ec9376636a95cb59696&amp;id=bbbffb7aa7&amp;v_id=40&amp;f_id=001557e1f0\" method=\"post\" target=\"_blank\">\n    <h2>Subscribe to our newsletter<\/h2>\n    <div><span class=\"asterisk\">*<\/span> required field<\/div>\n\n    <label for=\"mce-EMAIL-fr\">E-mail <span class=\"asterisk\">*<\/span><\/label>\n    <input type=\"email\" name=\"EMAIL\" id=\"mce-EMAIL-fr\" required=\"\">\n\n    <label for=\"mce-FNAME-fr\">First name <span class=\"asterisk\">*<\/span><\/label>\n    <input type=\"text\" name=\"FNAME\" id=\"mce-FNAME-fr\" required=\"\">\n\n    <label for=\"mce-LNAME-fr\">Last name <span class=\"asterisk\">*<\/span><\/label>\n    <input type=\"text\" name=\"LNAME\" id=\"mce-LNAME-fr\" required=\"\">\n\n    <label for=\"mce-MMERGE8-fr\">Country <span class=\"asterisk\">*<\/span><\/label>\n    <input type=\"text\" name=\"MMERGE8\" id=\"mce-MMERGE8-fr\" required=\"\">\n\n    <fieldset>\n      <legend>Consentement \u00e0 la communication par e-mail<\/legend>\n<label><input type=\"checkbox\" name=\"gdpr[36505]\" value=\"Y\"> Je souhaite recevoir la newsletter et des communications par e-mail.<\/label>\n    <\/fieldset>\n\n    <p>Vous pouvez vous d\u00e9sabonner \u00e0 tout moment en cliquant sur le lien dans le bas de page de nos e-mails.<\/p>\n    <p>Nous utilisons Mailchimp comme plateforme marketing. <a href=\"https:\/\/mailchimp.com\/legal\/terms\" target=\"_blank\">En savoir plus<\/a>.<\/p>\n\n    <input type=\"submit\" value=\"S'inscrire\">\n  <\/form>\n<\/div>\n\n<!-- ENGLISH FORM -->\n<div id=\"form-en\" class=\"form-wrapper\" style=\"display: none;\">\n  <form action=\"https:\/\/jivahillstables.us9.list-manage.com\/subscribe\/post?u=4536b1ec9376636a95cb59696&amp;id=bbbffb7aa7\" method=\"post\" target=\"_blank\">\n    <h2>Subscribe to our newsletter<\/h2>\n    <div><span class=\"asterisk\">*<\/span> required field<\/div>\n\n    <label for=\"mce-EMAIL-en\">Email address <span class=\"asterisk\">*<\/span><\/label>\n    <input type=\"email\" name=\"EMAIL\" id=\"mce-EMAIL-en\" required=\"\">\n\n    <label for=\"mce-FNAME-en\">First name <span class=\"asterisk\">*<\/span><\/label>\n    <input type=\"text\" name=\"FNAME\" id=\"mce-FNAME-en\" required=\"\">\n\n    <label for=\"mce-LNAME-en\">Last name <span class=\"asterisk\">*<\/span><\/label>\n    <input type=\"text\" name=\"LNAME\" id=\"mce-LNAME-en\" required=\"\">\n\n    <label for=\"mce-MMERGE8-en\">Country <span class=\"asterisk\">*<\/span><\/label>\n    <input type=\"text\" name=\"MMERGE8\" id=\"mce-MMERGE8-en\" required=\"\">\n\n    <fieldset>\n      <legend>Email consent<\/legend>\n<label><input type=\"checkbox\" name=\"gdpr[36505]\" value=\"Y\"> I wish to receive the newsletter and email communications.<\/label>\n    <\/fieldset>\n\n    <p>You can unsubscribe at any time by clicking the link in the footer of our emails.<\/p>\n    <p>We use Mailchimp as our marketing platform. <a href=\"https:\/\/mailchimp.com\/legal\/terms\" target=\"_blank\">Learn more<\/a>.<\/p>\n\n    <input type=\"submit\" value=\"Subscribe\">\n  <\/form>\n<\/div>\n\n<!-- LANGUAGE TOGGLE SCRIPT -->\n<script>\n  function switchFormByLanguage(lang) {\n    document.getElementById(\"form-fr\").style.display = lang === \"fr\" ? \"block\" : \"none\";\n    document.getElementById(\"form-en\").style.display = lang === \"en\" ? \"block\" : \"none\";\n  }\n\n  document.getElementById(\"lang-select\").addEventListener(\"change\", function () {\n    switchFormByLanguage(this.value);\n  });\n\n  document.addEventListener(\"DOMContentLoaded\", function () {\n    switchFormByLanguage(document.getElementById(\"lang-select\").value);\n  });\n<\/script>\n\t\t\t\t<\/div>\n\t\t\t\t<\/div>\n\t\t\t\t\t<\/div>\n\t\t\t\t<\/div>\n\t\t\t\t<\/div>\n\t\t","protected":false},"excerpt":{"rendered":"<p>NEWSLETTER Fran\u00e7aisEnglish Subscribe to our newsletter * required field E-mail * First name * Last name * Country * Consentement \u00e0 la communication par e-mail Je souhaite recevoir la newsletter et des communications par e-mail. Vous pouvez vous d\u00e9sabonner \u00e0 tout moment en cliquant sur le lien dans le bas de page de nos e-mails. [&hellip;]<\/p>\n","protected":false},"author":6,"featured_media":0,"parent":0,"menu_order":0,"comment_status":"closed","ping_status":"closed","template":"","meta":{"_angie_page":false,"_monsterinsights_skip_tracking":false,"_monsterinsights_sitenote_active":false,"_monsterinsights_sitenote_note":"","_monsterinsights_sitenote_category":0,"footnotes":""},"class_list":["post-40075","page","type-page","status-publish","hentry"],"amp_enabled":true,"_links":{"self":[{"href":"https:\/\/www.jivahillstables.com\/en\/wp-json\/wp\/v2\/pages\/40075","targetHints":{"allow":["GET"]}}],"collection":[{"href":"https:\/\/www.jivahillstables.com\/en\/wp-json\/wp\/v2\/pages"}],"about":[{"href":"https:\/\/www.jivahillstables.com\/en\/wp-json\/wp\/v2\/types\/page"}],"author":[{"embeddable":true,"href":"https:\/\/www.jivahillstables.com\/en\/wp-json\/wp\/v2\/users\/6"}],"replies":[{"embeddable":true,"href":"https:\/\/www.jivahillstables.com\/en\/wp-json\/wp\/v2\/comments?post=40075"}],"version-history":[{"count":4,"href":"https:\/\/www.jivahillstables.com\/en\/wp-json\/wp\/v2\/pages\/40075\/revisions"}],"predecessor-version":[{"id":41269,"href":"https:\/\/www.jivahillstables.com\/en\/wp-json\/wp\/v2\/pages\/40075\/revisions\/41269"}],"wp:attachment":[{"href":"https:\/\/www.jivahillstables.com\/en\/wp-json\/wp\/v2\/media?parent=40075"}],"curies":[{"name":"wp","href":"https:\/\/api.w.org\/{rel}","templated":true}]}}